{"id":2273,"date":"2024-11-15T00:37:00","date_gmt":"2024-11-14T23:37:00","guid":{"rendered":"https:\/\/tandemskydive.sk\/?page_id=2273"},"modified":"2025-11-10T15:13:23","modified_gmt":"2025-11-10T14:13:23","slug":"vor-dem-sprung","status":"publish","type":"page","link":"https:\/\/tandemskydive.sk\/de\/vor-dem-sprung\/","title":{"rendered":"Vor dem Sprung"},"content":{"rendered":"\t\t<div data-elementor-type=\"wp-page\" data-elementor-id=\"2273\" class=\"elementor elementor-2273 elementor-565\" data-elementor-post-type=\"page\">\n\t\t\t\t<div class=\"elementor-element elementor-element-5ff75e9 e-con-full e-flex e-con e-parent\" data-id=\"5ff75e9\" data-element_type=\"container\" data-e-type=\"container\" data-settings=\"{&quot;background_background&quot;:&quot;classic&quot;,&quot;background_motion_fx_motion_fx_scrolling&quot;:&quot;yes&quot;,&quot;background_motion_fx_translateY_effect&quot;:&quot;yes&quot;,&quot;background_motion_fx_translateY_direction&quot;:&quot;negative&quot;,&quot;background_motion_fx_translateY_speed&quot;:{&quot;unit&quot;:&quot;px&quot;,&quot;size&quot;:4,&quot;sizes&quot;:[]},&quot;background_motion_fx_translateY_affectedRange&quot;:{&quot;unit&quot;:&quot;%&quot;,&quot;size&quot;:&quot;&quot;,&quot;sizes&quot;:{&quot;start&quot;:0,&quot;end&quot;:100}},&quot;background_motion_fx_devices&quot;:[&quot;desktop&quot;,&quot;tablet&quot;,&quot;mobile&quot;]}\">\n\t\t<div class=\"elementor-element elementor-element-707c366 e-flex e-con-boxed e-con e-child\" data-id=\"707c366\" data-element_type=\"container\" data-e-type=\"container\">\n\t\t\t\t\t<div class=\"e-con-inner\">\n\t\t<div class=\"elementor-element elementor-element-acb50d0 e-con-full e-flex e-con e-child\" data-id=\"acb50d0\" data-element_type=\"container\" data-e-type=\"container\">\n\t\t\t\t<div class=\"elementor-element elementor-element-87c98cb elementor-icon-list--layout-inline elementor-widget__width-auto elementor-align-start elementor-list-item-link-full_width elementor-widget elementor-widget-icon-list\" data-id=\"87c98cb\" data-element_type=\"widget\" data-e-type=\"widget\" data-widget_type=\"icon-list.default\">\n\t\t\t\t\t\t\t<ul class=\"elementor-icon-list-items elementor-inline-items\">\n\t\t\t\t\t\t\t<li class=\"elementor-icon-list-item elementor-inline-item\">\n\t\t\t\t\t\t\t\t\t\t<span class=\"elementor-icon-list-text\">Fallwell - Tandem Falschirmsprung<\/span>\n\t\t\t\t\t\t\t\t\t<\/li>\n\t\t\t\t\t\t<\/ul>\n\t\t\t\t\t\t<\/div>\n\t\t\t\t<div class=\"elementor-element elementor-element-d3a105f elementor-widget__width-initial elementor-widget-mobile__width-initial elementor-widget elementor-widget-heading\" data-id=\"d3a105f\" data-element_type=\"widget\" data-e-type=\"widget\" data-widget_type=\"heading.default\">\n\t\t\t\t\t<h2 class=\"elementor-heading-title elementor-size-default\">INFORMATIONEN VOR DEM SPRUNG<\/h2>\t\t\t\t<\/div>\n\t\t\t\t<\/div>\n\t\t\t\t\t<\/div>\n\t\t\t\t<\/div>\n\t\t\t\t<\/div>\n\t\t<div class=\"elementor-element elementor-element-052ca56 e-con-full e-flex e-con e-parent\" data-id=\"052ca56\" data-element_type=\"container\" data-e-type=\"container\" data-settings=\"{&quot;background_background&quot;:&quot;classic&quot;}\">\n\t\t\t\t<div class=\"elementor-element elementor-element-99001d1 elementor-widget elementor-widget-spacer\" data-id=\"99001d1\" data-element_type=\"widget\" data-e-type=\"widget\" data-widget_type=\"spacer.default\">\n\t\t\t\t\t\t\t<div class=\"elementor-spacer\">\n\t\t\t<div class=\"elementor-spacer-inner\"><\/div>\n\t\t<\/div>\n\t\t\t\t\t\t<\/div>\n\t\t\t\t<\/div>\n\t\t<div class=\"elementor-element elementor-element-d611561 e-flex e-con-boxed e-con e-parent\" data-id=\"d611561\" data-element_type=\"container\" data-e-type=\"container\" data-settings=\"{&quot;background_background&quot;:&quot;classic&quot;}\">\n\t\t\t\t\t<div class=\"e-con-inner\">\n\t\t<div class=\"elementor-element elementor-element-6d4dccc e-con-full e-flex e-con e-child\" data-id=\"6d4dccc\" data-element_type=\"container\" data-e-type=\"container\">\n\t\t\t\t<div class=\"elementor-element elementor-element-06073ef elementor-widget elementor-widget-image\" data-id=\"06073ef\" data-element_type=\"widget\" data-e-type=\"widget\" data-widget_type=\"image.default\">\n\t\t\t\t\t\t\t\t\t\t\t\t\t\t\t<img decoding=\"async\" width=\"1536\" height=\"1536\" src=\"https:\/\/tandemskydive.sk\/wp-content\/uploads\/2024\/10\/HP5.jpg\" class=\"attachment-full size-full wp-image-135\" alt=\"\" srcset=\"https:\/\/tandemskydive.sk\/wp-content\/uploads\/2024\/10\/HP5.jpg 1536w, https:\/\/tandemskydive.sk\/wp-content\/uploads\/2024\/10\/HP5-300x300.jpg 300w, https:\/\/tandemskydive.sk\/wp-content\/uploads\/2024\/10\/HP5-100x100.jpg 100w, https:\/\/tandemskydive.sk\/wp-content\/uploads\/2024\/10\/HP5-600x600.jpg 600w, https:\/\/tandemskydive.sk\/wp-content\/uploads\/2024\/10\/HP5-1024x1024.jpg 1024w, https:\/\/tandemskydive.sk\/wp-content\/uploads\/2024\/10\/HP5-150x150.jpg 150w, https:\/\/tandemskydive.sk\/wp-content\/uploads\/2024\/10\/HP5-768x768.jpg 768w\" sizes=\"(max-width: 1536px) 100vw, 1536px\" \/>\t\t\t\t\t\t\t\t\t\t\t\t\t\t\t<\/div>\n\t\t\t\t<\/div>\n\t\t<div class=\"elementor-element elementor-element-21d2acf e-con-full e-flex e-con e-child\" data-id=\"21d2acf\" data-element_type=\"container\" data-e-type=\"container\">\n\t\t\t\t<div class=\"elementor-element elementor-element-1e7bbfd elementor-widget__width-initial elementor-widget elementor-widget-heading\" data-id=\"1e7bbfd\" data-element_type=\"widget\" data-e-type=\"widget\" data-widget_type=\"heading.default\">\n\t\t\t\t\t<h3 class=\"elementor-heading-title elementor-size-default\">Wann am Flughafen eintreffen?<\/h3>\t\t\t\t<\/div>\n\t\t\t\t<div class=\"elementor-element elementor-element-14c59c5 elementor-widget__width-initial elementor-widget elementor-widget-text-editor\" data-id=\"14c59c5\" data-element_type=\"widget\" data-e-type=\"widget\" data-widget_type=\"text-editor.default\">\n\t\t\t\t\t\t\t\t\t<p>Bitte seien Sie ca. 45\u201360 Minuten vor dem Sprung am Flughafen. Wir informieren unsere Kunden per SMS \u00fcber die genaue Ankunftszeit. P\u00fcnktliches Erscheinen ist sehr wichtig. Bitte pr\u00fcfen Sie daher Ihre Anreise zum Flughafen sorgf\u00e4ltig.<\/p>\t\t\t\t\t\t\t\t<\/div>\n\t\t\t\t<div class=\"elementor-element elementor-element-18366e4 elementor-align-left elementor-widget elementor-widget-button\" data-id=\"18366e4\" data-element_type=\"widget\" data-e-type=\"widget\" data-widget_type=\"button.default\">\n\t\t\t\t\t\t\t\t\t\t<a class=\"elementor-button elementor-button-link elementor-size-sm\" href=\"#cas\">\n\t\t\t\t\t\t<span class=\"elementor-button-content-wrapper\">\n\t\t\t\t\t\t<span class=\"elementor-button-icon\">\n\t\t\t\t<svg xmlns=\"http:\/\/www.w3.org\/2000\/svg\" id=\"Layer_1\" data-name=\"Layer 1\" viewBox=\"0 0 24 24\" width=\"512\" height=\"512\"><path d=\"M17.414,10.586,13.121,6.293,11.707,7.707,15,11H5v2H15l-3.293,3.293,1.414,1.414,4.293-4.293A2,2,0,0,0,17.414,10.586Z\"><\/path><\/svg>\t\t\t<\/span>\n\t\t\t\t\t\t\t\t\t<span class=\"elementor-button-text\">Wie viel Zeit sollte ich einplanen?<\/span>\n\t\t\t\t\t<\/span>\n\t\t\t\t\t<\/a>\n\t\t\t\t\t\t\t\t<\/div>\n\t\t\t\t<\/div>\n\t\t\t\t\t<\/div>\n\t\t\t\t<\/div>\n\t\t<div class=\"elementor-element elementor-element-f1a379a e-flex e-con-boxed e-con e-parent\" data-id=\"f1a379a\" data-element_type=\"container\" data-e-type=\"container\" id=\"cas\" data-settings=\"{&quot;background_background&quot;:&quot;classic&quot;}\">\n\t\t\t\t\t<div class=\"e-con-inner\">\n\t\t<div class=\"elementor-element elementor-element-24eaa85 e-con-full e-flex e-con e-child\" data-id=\"24eaa85\" data-element_type=\"container\" data-e-type=\"container\">\n\t\t<div class=\"elementor-element elementor-element-303f181 e-con-full e-flex e-con e-child\" data-id=\"303f181\" data-element_type=\"container\" data-e-type=\"container\">\n\t\t<div class=\"elementor-element elementor-element-6edfaef e-con-full e-flex e-con e-child\" data-id=\"6edfaef\" data-element_type=\"container\" data-e-type=\"container\">\n\t\t\t\t<div class=\"elementor-element elementor-element-a312d1f elementor-widget__width-inherit elementor-widget elementor-widget-heading\" data-id=\"a312d1f\" data-element_type=\"widget\" data-e-type=\"widget\" data-widget_type=\"heading.default\">\n\t\t\t\t\t<h3 class=\"elementor-heading-title elementor-size-default\">Wie viel Zeit sollte ich einplanen?<\/h3>\t\t\t\t<\/div>\n\t\t\t\t<\/div>\n\t\t<div class=\"elementor-element elementor-element-57b3af3 e-con-full e-flex e-con e-child\" data-id=\"57b3af3\" data-element_type=\"container\" data-e-type=\"container\">\n\t\t\t\t<div class=\"elementor-element elementor-element-d2c906c elementor-widget__width-initial elementor-widget elementor-widget-text-editor\" data-id=\"d2c906c\" data-element_type=\"widget\" data-e-type=\"widget\" data-widget_type=\"text-editor.default\">\n\t\t\t\t\t\t\t\t\t<p>Wir empfehlen, mindestens 3 Stunden f\u00fcr den Sprung einzuplanen, da unvorhergesehene Situationen eintreten k\u00f6nnen. In den meisten F\u00e4llen l\u00e4sst sich jedoch alles von Ihrer Ankunft bis zu Ihrer Abreise innerhalb von anderthalb Stunden abwickeln.<\/p>\t\t\t\t\t\t\t\t<\/div>\n\t\t\t\t<div class=\"elementor-element elementor-element-e637ad1 elementor-align-center elementor-widget elementor-widget-button\" data-id=\"e637ad1\" data-element_type=\"widget\" data-e-type=\"widget\" data-widget_type=\"button.default\">\n\t\t\t\t\t\t\t\t\t\t<a class=\"elementor-button elementor-button-link elementor-size-sm\" href=\"#saty\">\n\t\t\t\t\t\t<span class=\"elementor-button-content-wrapper\">\n\t\t\t\t\t\t<span class=\"elementor-button-icon\">\n\t\t\t\t<svg xmlns=\"http:\/\/www.w3.org\/2000\/svg\" id=\"Layer_1\" data-name=\"Layer 1\" viewBox=\"0 0 24 24\" width=\"512\" height=\"512\"><path d=\"M17.414,10.586,13.121,6.293,11.707,7.707,15,11H5v2H15l-3.293,3.293,1.414,1.414,4.293-4.293A2,2,0,0,0,17.414,10.586Z\"><\/path><\/svg>\t\t\t<\/span>\n\t\t\t\t\t\t\t\t\t<span class=\"elementor-button-text\">Was anziehen?<\/span>\n\t\t\t\t\t<\/span>\n\t\t\t\t\t<\/a>\n\t\t\t\t\t\t\t\t<\/div>\n\t\t\t\t<\/div>\n\t\t\t\t<\/div>\n\t\t<div class=\"elementor-element elementor-element-1f76fcf e-con-full e-flex e-con e-child\" data-id=\"1f76fcf\" data-element_type=\"container\" data-e-type=\"container\">\n\t\t\t\t<div class=\"elementor-element elementor-element-7c0fcf0 elementor-widget elementor-widget-image\" data-id=\"7c0fcf0\" data-element_type=\"widget\" data-e-type=\"widget\" data-widget_type=\"image.default\">\n\t\t\t\t\t\t\t\t\t\t\t\t\t\t\t<img decoding=\"async\" width=\"2560\" height=\"1707\" src=\"https:\/\/tandemskydive.sk\/wp-content\/uploads\/2024\/10\/HP6-scaled.jpg\" class=\"attachment-full size-full wp-image-2289\" alt=\"\" srcset=\"https:\/\/tandemskydive.sk\/wp-content\/uploads\/2024\/10\/HP6-scaled.jpg 2560w, https:\/\/tandemskydive.sk\/wp-content\/uploads\/2024\/10\/HP6-scaled-600x400.jpg 600w, https:\/\/tandemskydive.sk\/wp-content\/uploads\/2024\/10\/HP6-300x200.jpg 300w, https:\/\/tandemskydive.sk\/wp-content\/uploads\/2024\/10\/HP6-1024x683.jpg 1024w, https:\/\/tandemskydive.sk\/wp-content\/uploads\/2024\/10\/HP6-768x512.jpg 768w, https:\/\/tandemskydive.sk\/wp-content\/uploads\/2024\/10\/HP6-1536x1024.jpg 1536w, https:\/\/tandemskydive.sk\/wp-content\/uploads\/2024\/10\/HP6-2048x1365.jpg 2048w\" sizes=\"(max-width: 2560px) 100vw, 2560px\" \/>\t\t\t\t\t\t\t\t\t\t\t\t\t\t\t<\/div>\n\t\t\t\t<div class=\"elementor-element elementor-element-104054e elementor-absolute elementor-hidden-tablet elementor-hidden-mobile elementor-widget elementor-widget-image\" data-id=\"104054e\" data-element_type=\"widget\" data-e-type=\"widget\" data-settings=\"{&quot;_position&quot;:&quot;absolute&quot;}\" data-widget_type=\"image.default\">\n\t\t\t\t\t\t\t\t\t\t\t\t\t\t\t<img decoding=\"async\" width=\"956\" height=\"960\" src=\"https:\/\/tandemskydive.sk\/wp-content\/uploads\/2024\/12\/Lenka.jpg\" class=\"attachment-full size-full wp-image-1476\" alt=\"\" srcset=\"https:\/\/tandemskydive.sk\/wp-content\/uploads\/2024\/12\/Lenka.jpg 956w, https:\/\/tandemskydive.sk\/wp-content\/uploads\/2024\/12\/Lenka-300x300.jpg 300w, https:\/\/tandemskydive.sk\/wp-content\/uploads\/2024\/12\/Lenka-150x150.jpg 150w, https:\/\/tandemskydive.sk\/wp-content\/uploads\/2024\/12\/Lenka-768x771.jpg 768w, https:\/\/tandemskydive.sk\/wp-content\/uploads\/2024\/12\/Lenka-600x603.jpg 600w, https:\/\/tandemskydive.sk\/wp-content\/uploads\/2024\/12\/Lenka-100x100.jpg 100w\" sizes=\"(max-width: 956px) 100vw, 956px\" \/>\t\t\t\t\t\t\t\t\t\t\t\t\t\t\t<\/div>\n\t\t\t\t<\/div>\n\t\t\t\t<\/div>\n\t\t\t\t\t<\/div>\n\t\t\t\t<\/div>\n\t\t<div class=\"elementor-element elementor-element-065eb83 e-flex e-con-boxed e-con e-parent\" data-id=\"065eb83\" data-element_type=\"container\" data-e-type=\"container\" id=\"saty\" data-settings=\"{&quot;background_background&quot;:&quot;classic&quot;}\">\n\t\t\t\t\t<div class=\"e-con-inner\">\n\t\t<div class=\"elementor-element elementor-element-82b2d77 e-con-full e-flex e-con e-child\" data-id=\"82b2d77\" data-element_type=\"container\" data-e-type=\"container\">\n\t\t\t\t<div class=\"elementor-element elementor-element-4e938d9 elementor-widget elementor-widget-image\" data-id=\"4e938d9\" data-element_type=\"widget\" data-e-type=\"widget\" data-widget_type=\"image.default\">\n\t\t\t\t\t\t\t\t\t\t\t\t\t\t\t<img decoding=\"async\" width=\"2560\" height=\"1707\" src=\"https:\/\/tandemskydive.sk\/wp-content\/uploads\/2024\/10\/HP8-scaled.jpg\" class=\"attachment-full size-full wp-image-138\" alt=\"\" srcset=\"https:\/\/tandemskydive.sk\/wp-content\/uploads\/2024\/10\/HP8-scaled.jpg 2560w, https:\/\/tandemskydive.sk\/wp-content\/uploads\/2024\/10\/HP8-scaled-600x400.jpg 600w, https:\/\/tandemskydive.sk\/wp-content\/uploads\/2024\/10\/HP8-300x200.jpg 300w, https:\/\/tandemskydive.sk\/wp-content\/uploads\/2024\/10\/HP8-1024x683.jpg 1024w, https:\/\/tandemskydive.sk\/wp-content\/uploads\/2024\/10\/HP8-768x512.jpg 768w, https:\/\/tandemskydive.sk\/wp-content\/uploads\/2024\/10\/HP8-1536x1024.jpg 1536w, https:\/\/tandemskydive.sk\/wp-content\/uploads\/2024\/10\/HP8-2048x1365.jpg 2048w\" sizes=\"(max-width: 2560px) 100vw, 2560px\" \/>\t\t\t\t\t\t\t\t\t\t\t\t\t\t\t<\/div>\n\t\t\t\t<\/div>\n\t\t<div class=\"elementor-element elementor-element-69322f4 e-con-full e-flex e-con e-child\" data-id=\"69322f4\" data-element_type=\"container\" data-e-type=\"container\">\n\t\t\t\t<div class=\"elementor-element elementor-element-44e342c elementor-widget__width-inherit elementor-widget elementor-widget-heading\" data-id=\"44e342c\" data-element_type=\"widget\" data-e-type=\"widget\" data-widget_type=\"heading.default\">\n\t\t\t\t\t<h3 class=\"elementor-heading-title elementor-size-default\">Was anziehen?<\/h3>\t\t\t\t<\/div>\n\t\t\t\t<div class=\"elementor-element elementor-element-24f1ae1 elementor-widget__width-inherit elementor-widget elementor-widget-text-editor\" data-id=\"24f1ae1\" data-element_type=\"widget\" data-e-type=\"widget\" data-widget_type=\"text-editor.default\">\n\t\t\t\t\t\t\t\t\t<p>F\u00fcr den Fallschirmsprung erhalten Sie einen Schutzanzug und eine Schutzbrille oder ein Buff. Je nach Wetter und Temperatur k\u00f6nnen Sie unter dem Overall bequeme Kleidung tragen \u2013 in den k\u00e4lteren Monaten sind Unterw\u00e4sche und ein Sweatshirt ausreichend. Falls Sie eine Brille mit Sehst\u00e4rke tragen, stellen wir Ihnen eine spezielle Schutzbrille zur Verf\u00fcgung.<\/p>\t\t\t\t\t\t\t\t<\/div>\n\t\t\t\t<div class=\"elementor-element elementor-element-a914961 elementor-align-left elementor-widget elementor-widget-button\" data-id=\"a914961\" data-element_type=\"widget\" data-e-type=\"widget\" data-widget_type=\"button.default\">\n\t\t\t\t\t\t\t\t\t\t<a class=\"elementor-button elementor-button-link elementor-size-sm\" href=\"#video\">\n\t\t\t\t\t\t<span class=\"elementor-button-content-wrapper\">\n\t\t\t\t\t\t<span class=\"elementor-button-icon\">\n\t\t\t\t<svg xmlns=\"http:\/\/www.w3.org\/2000\/svg\" id=\"Layer_1\" data-name=\"Layer 1\" viewBox=\"0 0 24 24\" width=\"512\" height=\"512\"><path d=\"M17.414,10.586,13.121,6.293,11.707,7.707,15,11H5v2H15l-3.293,3.293,1.414,1.414,4.293-4.293A2,2,0,0,0,17.414,10.586Z\"><\/path><\/svg>\t\t\t<\/span>\n\t\t\t\t\t\t\t\t\t<span class=\"elementor-button-text\">Informationen zu Videos<\/span>\n\t\t\t\t\t<\/span>\n\t\t\t\t\t<\/a>\n\t\t\t\t\t\t\t\t<\/div>\n\t\t\t\t<\/div>\n\t\t\t\t\t<\/div>\n\t\t\t\t<\/div>\n\t\t<div class=\"elementor-element elementor-element-d6284ff e-flex e-con-boxed e-con e-parent\" data-id=\"d6284ff\" data-element_type=\"container\" data-e-type=\"container\" id=\"video\" data-settings=\"{&quot;background_background&quot;:&quot;classic&quot;}\">\n\t\t\t\t\t<div class=\"e-con-inner\">\n\t\t<div class=\"elementor-element elementor-element-46d48be e-con-full e-flex e-con e-child\" data-id=\"46d48be\" data-element_type=\"container\" data-e-type=\"container\">\n\t\t\t\t<div class=\"elementor-element elementor-element-ad22627 elementor-widget__width-initial elementor-widget elementor-widget-heading\" data-id=\"ad22627\" data-element_type=\"widget\" data-e-type=\"widget\" data-widget_type=\"heading.default\">\n\t\t\t\t\t<h3 class=\"elementor-heading-title elementor-size-default\">Videoaufnahmen und Verwendung eigener Kameras<\/h3>\t\t\t\t<\/div>\n\t\t\t\t<div class=\"elementor-element elementor-element-aa3e248 elementor-widget__width-initial elementor-widget elementor-widget-text-editor\" data-id=\"aa3e248\" data-element_type=\"widget\" data-e-type=\"widget\" data-widget_type=\"text-editor.default\">\n\t\t\t\t\t\t\t\t\t<p>Die Verwendung eigener Kameras ist aus Sicherheitsgr\u00fcnden nicht gestattet. Selbstverst\u00e4ndlich k\u00f6nnen Sie von Ihrer Familie vom Boden aus gefilmt werden.<\/p><p>Bei Interesse k\u00f6nnen Sie das Video direkt am Flughafen erwerben. Wir senden Ihnen Ihr Sprungvideo dann innerhalb von 7 Tagen per E-Mail zu.<\/p>\t\t\t\t\t\t\t\t<\/div>\n\t\t\t\t<div class=\"elementor-element elementor-element-100f6a4 elementor-align-left elementor-widget elementor-widget-button\" data-id=\"100f6a4\" data-element_type=\"widget\" data-e-type=\"widget\" data-widget_type=\"button.default\">\n\t\t\t\t\t\t\t\t\t\t<a class=\"elementor-button elementor-button-link elementor-size-sm\" href=\"#karta\">\n\t\t\t\t\t\t<span class=\"elementor-button-content-wrapper\">\n\t\t\t\t\t\t<span class=\"elementor-button-icon\">\n\t\t\t\t<svg xmlns=\"http:\/\/www.w3.org\/2000\/svg\" id=\"Layer_1\" data-name=\"Layer 1\" viewBox=\"0 0 24 24\" width=\"512\" height=\"512\"><path d=\"M17.414,10.586,13.121,6.293,11.707,7.707,15,11H5v2H15l-3.293,3.293,1.414,1.414,4.293-4.293A2,2,0,0,0,17.414,10.586Z\"><\/path><\/svg>\t\t\t<\/span>\n\t\t\t\t\t\t\t\t\t<span class=\"elementor-button-text\">Informationen zur Kartenzahlung<\/span>\n\t\t\t\t\t<\/span>\n\t\t\t\t\t<\/a>\n\t\t\t\t\t\t\t\t<\/div>\n\t\t\t\t<\/div>\n\t\t<div class=\"elementor-element elementor-element-07d8877 e-con-full e-flex e-con e-child\" data-id=\"07d8877\" data-element_type=\"container\" data-e-type=\"container\">\n\t\t\t\t<div class=\"elementor-element elementor-element-af3e6f7 elementor-widget elementor-widget-image\" data-id=\"af3e6f7\" data-element_type=\"widget\" data-e-type=\"widget\" data-widget_type=\"image.default\">\n\t\t\t\t\t\t\t\t\t\t\t\t\t\t\t<img decoding=\"async\" width=\"1920\" height=\"1080\" src=\"https:\/\/tandemskydive.sk\/wp-content\/uploads\/2024\/10\/0003.jpg\" class=\"attachment-full size-full wp-image-122\" alt=\"\" srcset=\"https:\/\/tandemskydive.sk\/wp-content\/uploads\/2024\/10\/0003.jpg 1920w, https:\/\/tandemskydive.sk\/wp-content\/uploads\/2024\/10\/0003-600x338.jpg 600w, https:\/\/tandemskydive.sk\/wp-content\/uploads\/2024\/10\/0003-300x169.jpg 300w, https:\/\/tandemskydive.sk\/wp-content\/uploads\/2024\/10\/0003-1024x576.jpg 1024w, https:\/\/tandemskydive.sk\/wp-content\/uploads\/2024\/10\/0003-768x432.jpg 768w, https:\/\/tandemskydive.sk\/wp-content\/uploads\/2024\/10\/0003-1536x864.jpg 1536w\" sizes=\"(max-width: 1920px) 100vw, 1920px\" \/>\t\t\t\t\t\t\t\t\t\t\t\t\t\t\t<\/div>\n\t\t\t\t<\/div>\n\t\t\t\t\t<\/div>\n\t\t\t\t<\/div>\n\t\t<div class=\"elementor-element elementor-element-9fb6d46 e-con-full e-flex e-con e-parent\" data-id=\"9fb6d46\" data-element_type=\"container\" data-e-type=\"container\" data-settings=\"{&quot;background_background&quot;:&quot;classic&quot;}\">\n\t\t\t\t<div class=\"elementor-element elementor-element-14e5cee elementor-widget elementor-widget-spacer\" data-id=\"14e5cee\" data-element_type=\"widget\" data-e-type=\"widget\" data-widget_type=\"spacer.default\">\n\t\t\t\t\t\t\t<div class=\"elementor-spacer\">\n\t\t\t<div class=\"elementor-spacer-inner\"><\/div>\n\t\t<\/div>\n\t\t\t\t\t\t<\/div>\n\t\t\t\t<\/div>\n\t\t<div class=\"elementor-element elementor-element-e3c2c73 e-flex e-con-boxed e-con e-parent\" data-id=\"e3c2c73\" data-element_type=\"container\" data-e-type=\"container\" id=\"karta\" data-settings=\"{&quot;background_background&quot;:&quot;classic&quot;}\">\n\t\t\t\t\t<div class=\"e-con-inner\">\n\t\t<div class=\"elementor-element elementor-element-b2d3250 e-con-full e-flex e-con e-child\" data-id=\"b2d3250\" data-element_type=\"container\" data-e-type=\"container\">\n\t\t\t\t<div class=\"elementor-element elementor-element-e5e3136 elementor-widget__width-initial elementor-widget elementor-widget-heading\" data-id=\"e5e3136\" data-element_type=\"widget\" data-e-type=\"widget\" data-widget_type=\"heading.default\">\n\t\t\t\t\t<h3 class=\"elementor-heading-title elementor-size-default\">Kann man am Flughafen direkt mit Karte bezahlen?<\/h3>\t\t\t\t<\/div>\n\t\t\t\t<div class=\"elementor-element elementor-element-a24213e elementor-widget__width-initial elementor-widget elementor-widget-text-editor\" data-id=\"a24213e\" data-element_type=\"widget\" data-e-type=\"widget\" data-widget_type=\"text-editor.default\">\n\t\t\t\t\t\t\t\t\t<p>Ja, am Flughafen steht ein Kartenzahlungsterminal zur Verf\u00fcgung.<\/p>\t\t\t\t\t\t\t\t<\/div>\n\t\t\t\t<div class=\"elementor-element elementor-element-085adfc elementor-align-left elementor-widget elementor-widget-button\" data-id=\"085adfc\" data-element_type=\"widget\" data-e-type=\"widget\" data-widget_type=\"button.default\">\n\t\t\t\t\t\t\t\t\t\t<a class=\"elementor-button elementor-button-link elementor-size-sm\" href=\"https:\/\/tandemskydive.sk\/produkt\/darcekovy-poukaz\/\">\n\t\t\t\t\t\t<span class=\"elementor-button-content-wrapper\">\n\t\t\t\t\t\t\t\t\t<span class=\"elementor-button-text\">bestellen<\/span>\n\t\t\t\t\t<\/span>\n\t\t\t\t\t<\/a>\n\t\t\t\t\t\t\t\t<\/div>\n\t\t\t\t<\/div>\n\t\t\t\t\t<\/div>\n\t\t\t\t<\/div>\n\t\t<div class=\"elementor-element elementor-element-9d05a40 e-con-full e-flex e-con e-parent\" data-id=\"9d05a40\" data-element_type=\"container\" data-e-type=\"container\" data-settings=\"{&quot;background_background&quot;:&quot;classic&quot;}\">\n\t\t\t\t<div class=\"elementor-element elementor-element-e8720a4 elementor-widget elementor-widget-spacer\" data-id=\"e8720a4\" data-element_type=\"widget\" data-e-type=\"widget\" data-widget_type=\"spacer.default\">\n\t\t\t\t\t\t\t<div class=\"elementor-spacer\">\n\t\t\t<div class=\"elementor-spacer-inner\"><\/div>\n\t\t<\/div>\n\t\t\t\t\t\t<\/div>\n\t\t\t\t<\/div>\n\t\t\t\t<\/div>\n\t\t","protected":false},"excerpt":{"rendered":"<p>Fallwell &#8211; Tandem Falschirmsprung INFORMATIONEN VOR DEM SPRUNG Wann am Flughafen eintreffen? Bitte seien Sie ca. 45\u201360 Minuten vor dem Sprung am Flughafen. Wir informieren unsere Kunden per SMS \u00fcber die genaue Ankunftszeit. P\u00fcnktliches Erscheinen ist sehr wichtig. Bitte pr\u00fcfen Sie daher Ihre Anreise zum Flughafen sorgf\u00e4ltig. Wie viel Zeit sollte ich einplanen? Wie viel [&hellip;]<\/p>\n","protected":false},"author":1,"featured_media":0,"parent":0,"menu_order":0,"comment_status":"closed","ping_status":"closed","template":"elementor_header_footer","meta":{"_acf_changed":false,"site-sidebar-layout":"no-sidebar","site-content-layout":"page-builder","ast-site-content-layout":"full-width-container","site-content-style":"default","site-sidebar-style":"default","ast-global-header-display":"","ast-banner-title-visibility":"","ast-main-header-display":"","ast-hfb-above-header-display":"","ast-hfb-below-header-display":"","ast-hfb-mobile-header-display":"","site-post-title":"disabled","ast-breadcrumbs-content":"","ast-featured-img":"disabled","footer-sml-layout":"","ast-disable-related-posts":"","theme-transparent-header-meta":"","adv-header-id-meta":"","stick-header-meta":"","header-above-stick-meta":"","header-main-stick-meta":"","header-below-stick-meta":"","astra-migrate-meta-layouts":"set","ast-page-background-enabled":"default","ast-page-background-meta":{"desktop":{"background-color":"var(--ast-global-color-4)","background-image":"","background-repeat":"repeat","background-position":"center center","background-size":"auto","background-attachment":"scroll","background-type":"","background-media":"","overlay-type":"","overlay-color":"","overlay-opacity":"","overlay-gradient":""},"tablet":{"background-color":"","background-image":"","background-repeat":"repeat","background-position":"center center","background-size":"auto","background-attachment":"scroll","background-type":"","background-media":"","overlay-type":"","overlay-color":"","overlay-opacity":"","overlay-gradient":""},"mobile":{"background-color":"","background-image":"","background-repeat":"repeat","background-position":"center center","background-size":"auto","background-attachment":"scroll","background-type":"","background-media":"","overlay-type":"","overlay-color":"","overlay-opacity":"","overlay-gradient":""}},"ast-content-background-meta":{"desktop":{"background-color":"var(--ast-global-color-5)","background-image":"","background-repeat":"repeat","background-position":"center center","background-size":"auto","background-attachment":"scroll","background-type":"","background-media":"","overlay-type":"","overlay-color":"","overlay-opacity":"","overlay-gradient":""},"tablet":{"background-color":"var(--ast-global-color-5)","background-image":"","background-repeat":"repeat","background-position":"center center","background-size":"auto","background-attachment":"scroll","background-type":"","background-media":"","overlay-type":"","overlay-color":"","overlay-opacity":"","overlay-gradient":""},"mobile":{"background-color":"var(--ast-global-color-5)","background-image":"","background-repeat":"repeat","background-position":"center center","background-size":"auto","background-attachment":"scroll","background-type":"","background-media":"","overlay-type":"","overlay-color":"","overlay-opacity":"","overlay-gradient":""}},"footnotes":""},"class_list":["post-2273","page","type-page","status-publish","hentry"],"acf":[],"_links":{"self":[{"href":"https:\/\/tandemskydive.sk\/de\/wp-json\/wp\/v2\/pages\/2273","targetHints":{"allow":["GET"]}}],"collection":[{"href":"https:\/\/tandemskydive.sk\/de\/wp-json\/wp\/v2\/pages"}],"about":[{"href":"https:\/\/tandemskydive.sk\/de\/wp-json\/wp\/v2\/types\/page"}],"author":[{"embeddable":true,"href":"https:\/\/tandemskydive.sk\/de\/wp-json\/wp\/v2\/users\/1"}],"replies":[{"embeddable":true,"href":"https:\/\/tandemskydive.sk\/de\/wp-json\/wp\/v2\/comments?post=2273"}],"version-history":[{"count":0,"href":"https:\/\/tandemskydive.sk\/de\/wp-json\/wp\/v2\/pages\/2273\/revisions"}],"wp:attachment":[{"href":"https:\/\/tandemskydive.sk\/de\/wp-json\/wp\/v2\/media?parent=2273"}],"curies":[{"name":"wp","href":"https:\/\/api.w.org\/{rel}","templated":true}]}}