{"id":1943,"date":"2024-12-02T07:44:15","date_gmt":"2024-12-02T06:44:15","guid":{"rendered":"https:\/\/tandemskydive.sk\/?page_id=1943"},"modified":"2025-01-23T05:39:15","modified_gmt":"2025-01-23T04:39:15","slug":"booking-the-date-of-jump","status":"publish","type":"page","link":"https:\/\/tandemskydive.sk\/en\/booking-the-date-of-jump\/","title":{"rendered":"BOOKING THE DATE OF JUMP"},"content":{"rendered":"\t\t<div data-elementor-type=\"wp-page\" data-elementor-id=\"1943\" class=\"elementor elementor-1943 elementor-1315\" data-elementor-post-type=\"page\">\n\t\t\t\t<div class=\"elementor-element elementor-element-80cd96b e-con-full e-flex e-con e-parent\" data-id=\"80cd96b\" data-element_type=\"container\" data-e-type=\"container\" data-settings=\"{&quot;background_background&quot;:&quot;classic&quot;}\">\n\t\t<div class=\"elementor-element elementor-element-d283e33 e-flex e-con-boxed e-con e-child\" data-id=\"d283e33\" data-element_type=\"container\" data-e-type=\"container\">\n\t\t\t\t\t<div class=\"e-con-inner\">\n\t\t<div class=\"elementor-element elementor-element-6aae167 e-con-full e-flex e-con e-child\" data-id=\"6aae167\" data-element_type=\"container\" data-e-type=\"container\">\n\t\t\t\t<div class=\"elementor-element elementor-element-6ca2f3a elementor-icon-list--layout-inline elementor-widget__width-auto elementor-align-start elementor-list-item-link-full_width elementor-widget elementor-widget-icon-list\" data-id=\"6ca2f3a\" data-element_type=\"widget\" data-e-type=\"widget\" data-widget_type=\"icon-list.default\">\n\t\t\t\t\t\t\t<ul class=\"elementor-icon-list-items elementor-inline-items\">\n\t\t\t\t\t\t\t<li class=\"elementor-icon-list-item elementor-inline-item\">\n\t\t\t\t\t\t\t\t\t\t<span class=\"elementor-icon-list-text\">FallWell - tandem jump<\/span>\n\t\t\t\t\t\t\t\t\t<\/li>\n\t\t\t\t\t\t<\/ul>\n\t\t\t\t\t\t<\/div>\n\t\t\t\t<div class=\"elementor-element elementor-element-ec8f19d elementor-widget__width-initial elementor-widget elementor-widget-heading\" data-id=\"ec8f19d\" data-element_type=\"widget\" data-e-type=\"widget\" data-widget_type=\"heading.default\">\n\t\t\t\t\t<h2 class=\"elementor-heading-title elementor-size-default\">BOOKING THE DATE OF JUMP<\/h2>\t\t\t\t<\/div>\n\t\t\t\t<\/div>\n\t\t\t\t\t<\/div>\n\t\t\t\t<\/div>\n\t\t\t\t<\/div>\n\t\t<div class=\"elementor-element elementor-element-95c5436 e-flex e-con-boxed e-con e-parent\" data-id=\"95c5436\" data-element_type=\"container\" data-e-type=\"container\">\n\t\t\t\t\t<div class=\"e-con-inner\">\n\t\t<div class=\"elementor-element elementor-element-5f2ef23 e-con-full e-flex e-con e-child\" data-id=\"5f2ef23\" data-element_type=\"container\" data-e-type=\"container\">\n\t\t\t\t<div class=\"elementor-element elementor-element-626f64b elementor-icon-list--layout-inline elementor-hidden-desktop elementor-hidden-tablet elementor-hidden-mobile elementor-list-item-link-full_width elementor-widget elementor-widget-icon-list\" data-id=\"626f64b\" data-element_type=\"widget\" data-e-type=\"widget\" data-widget_type=\"icon-list.default\">\n\t\t\t\t\t\t\t<ul class=\"elementor-icon-list-items elementor-inline-items\">\n\t\t\t\t\t\t\t<li class=\"elementor-icon-list-item elementor-inline-item\">\n\t\t\t\t\t\t\t\t\t\t\t<a href=\"https:\/\/tandemskydive.sk\/en\/\">\n\n\t\t\t\t\t\t\t\t\t\t\t<span class=\"elementor-icon-list-text\">Domov<\/span>\n\t\t\t\t\t\t\t\t\t\t\t<\/a>\n\t\t\t\t\t\t\t\t\t<\/li>\n\t\t\t\t\t\t\t\t<li class=\"elementor-icon-list-item elementor-inline-item\">\n\t\t\t\t\t\t\t\t\t\t<span class=\"elementor-icon-list-text\"> \/ Rezerv\u00e1cia<\/span>\n\t\t\t\t\t\t\t\t\t<\/li>\n\t\t\t\t\t\t<\/ul>\n\t\t\t\t\t\t<\/div>\n\t\t\t\t<div class=\"elementor-element elementor-element-64d560a elementor-widget__width-auto elementor-hidden-desktop elementor-hidden-tablet elementor-hidden-mobile elementor-widget elementor-widget-heading\" data-id=\"64d560a\" data-element_type=\"widget\" data-e-type=\"widget\" data-widget_type=\"heading.default\">\n\t\t\t\t\t<h3 class=\"elementor-heading-title elementor-size-default\">Rezerv\u00e1cia term\u00ednu<\/h3>\t\t\t\t<\/div>\n\t\t\t\t<div class=\"elementor-element elementor-element-b4da716 elementor-widget__width-initial elementor-widget elementor-widget-heading\" data-id=\"b4da716\" data-element_type=\"widget\" data-e-type=\"widget\" data-widget_type=\"heading.default\">\n\t\t\t\t\t<p class=\"elementor-heading-title elementor-size-default\">Have you already bought a voucher and want to book the date of jump?<\/p>\t\t\t\t<\/div>\n\t\t\t\t<div class=\"elementor-element elementor-element-a876f9d elementor-icon-list--layout-traditional elementor-list-item-link-full_width elementor-widget elementor-widget-icon-list\" data-id=\"a876f9d\" data-element_type=\"widget\" data-e-type=\"widget\" data-widget_type=\"icon-list.default\">\n\t\t\t\t\t\t\t<ul class=\"elementor-icon-list-items\">\n\t\t\t\t\t\t\t<li class=\"elementor-icon-list-item\">\n\t\t\t\t\t\t\t\t\t\t\t<span class=\"elementor-icon-list-icon\">\n\t\t\t\t\t\t\t<svg aria-hidden=\"true\" class=\"e-font-icon-svg e-fas-circle\" viewBox=\"0 0 512 512\" xmlns=\"http:\/\/www.w3.org\/2000\/svg\"><path d=\"M256 8C119 8 8 119 8 256s111 248 248 248 248-111 248-248S393 8 256 8z\"><\/path><\/svg>\t\t\t\t\t\t<\/span>\n\t\t\t\t\t\t\t\t\t\t<span class=\"elementor-icon-list-text\">When booking a jump to a location other than the one for which you have purchased a voucher, you must expect an additional payment.<\/span>\n\t\t\t\t\t\t\t\t\t<\/li>\n\t\t\t\t\t\t\t\t<li class=\"elementor-icon-list-item\">\n\t\t\t\t\t\t\t\t\t\t\t<span class=\"elementor-icon-list-icon\">\n\t\t\t\t\t\t\t<svg aria-hidden=\"true\" class=\"e-font-icon-svg e-fas-circle\" viewBox=\"0 0 512 512\" xmlns=\"http:\/\/www.w3.org\/2000\/svg\"><path d=\"M256 8C119 8 8 119 8 256s111 248 248 248 248-111 248-248S393 8 256 8z\"><\/path><\/svg>\t\t\t\t\t\t<\/span>\n\t\t\t\t\t\t\t\t\t\t<span class=\"elementor-icon-list-text\">In the message you can write the desired time of arrival to the airport, or if you want to jump with someone at the same time<\/span>\n\t\t\t\t\t\t\t\t\t<\/li>\n\t\t\t\t\t\t\t\t<li class=\"elementor-icon-list-item\">\n\t\t\t\t\t\t\t\t\t\t\t<span class=\"elementor-icon-list-icon\">\n\t\t\t\t\t\t\t<svg aria-hidden=\"true\" class=\"e-font-icon-svg e-fas-circle\" viewBox=\"0 0 512 512\" xmlns=\"http:\/\/www.w3.org\/2000\/svg\"><path d=\"M256 8C119 8 8 119 8 256s111 248 248 248 248-111 248-248S393 8 256 8z\"><\/path><\/svg>\t\t\t\t\t\t<\/span>\n\t\t\t\t\t\t\t\t\t\t<span class=\"elementor-icon-list-text\">In case of purchasing a jump for several people, make a reservation for each person separately with the same voucher number, or if you are e.g. 2 people, 2 vouchers - make 2 reservations<\/span>\n\t\t\t\t\t\t\t\t\t<\/li>\n\t\t\t\t\t\t<\/ul>\n\t\t\t\t\t\t<\/div>\n\t\t\t\t<div class=\"elementor-element elementor-element-75f783b elementor-hidden-desktop elementor-hidden-tablet elementor-hidden-mobile elementor-widget-divider--view-line elementor-widget elementor-widget-divider\" data-id=\"75f783b\" data-element_type=\"widget\" data-e-type=\"widget\" data-widget_type=\"divider.default\">\n\t\t\t\t\t\t\t<div class=\"elementor-divider\">\n\t\t\t<span class=\"elementor-divider-separator\">\n\t\t\t\t\t\t<\/span>\n\t\t<\/div>\n\t\t\t\t\t\t<\/div>\n\t\t\t\t<div class=\"elementor-element elementor-element-bc0803b elementor-hidden-desktop elementor-hidden-tablet elementor-hidden-mobile elementor-widget elementor-widget-heading\" data-id=\"bc0803b\" data-element_type=\"widget\" data-e-type=\"widget\" data-widget_type=\"heading.default\">\n\t\t\t\t\t<p class=\"elementor-heading-title elementor-size-default\">Ak potrebujete s \u010d\u00edmko\u013evek pom\u00f4c\u0165, volajte od  na telef\u00f3nne \u010d\u00edslo +421904837055, alebo p\u00ed\u0161te na e-mail info@tandemskydive.sk<\/p>\t\t\t\t<\/div>\n\t\t\t\t<div class=\"elementor-element elementor-element-c33a501 elementor-widget-divider--view-line elementor-widget elementor-widget-divider\" data-id=\"c33a501\" data-element_type=\"widget\" data-e-type=\"widget\" data-widget_type=\"divider.default\">\n\t\t\t\t\t\t\t<div class=\"elementor-divider\">\n\t\t\t<span class=\"elementor-divider-separator\">\n\t\t\t\t\t\t<\/span>\n\t\t<\/div>\n\t\t\t\t\t\t<\/div>\n\t\t\t\t<div class=\"elementor-element elementor-element-63c61b3 elementor-widget__width-initial elementor-widget elementor-widget-heading\" data-id=\"63c61b3\" data-element_type=\"widget\" data-e-type=\"widget\" data-widget_type=\"heading.default\">\n\t\t\t\t\t<p class=\"elementor-heading-title elementor-size-default\">Haven't bought the jump yet? If you have not yet ordered and purchased a voucher, please order the voucher first.<\/p>\t\t\t\t<\/div>\n\t\t\t\t<div class=\"elementor-element elementor-element-fa7a13f elementor-widget__width-auto elementor-widget elementor-widget-button\" data-id=\"fa7a13f\" data-element_type=\"widget\" data-e-type=\"widget\" data-widget_type=\"button.default\">\n\t\t\t\t\t\t\t\t\t\t<a class=\"elementor-button elementor-button-link elementor-size-sm\" href=\"https:\/\/tandemskydive.sk\/en\/produkt\/gift-voucher\/\">\n\t\t\t\t\t\t<span class=\"elementor-button-content-wrapper\">\n\t\t\t\t\t\t\t\t\t<span class=\"elementor-button-text\">Order a jump<\/span>\n\t\t\t\t\t<\/span>\n\t\t\t\t\t<\/a>\n\t\t\t\t\t\t\t\t<\/div>\n\t\t\t\t<\/div>\n\t\t<div class=\"elementor-element elementor-element-aac2b86 e-con-full e-flex e-con e-child\" data-id=\"aac2b86\" data-element_type=\"container\" data-e-type=\"container\" data-settings=\"{&quot;background_background&quot;:&quot;classic&quot;}\">\n\t\t\t\t<div class=\"elementor-element elementor-element-a37c53e elementor-widget__width-auto elementor-hidden-desktop elementor-widget elementor-widget-heading\" data-id=\"a37c53e\" data-element_type=\"widget\" data-e-type=\"widget\" data-widget_type=\"heading.default\">\n\t\t\t\t\t<h3 class=\"elementor-heading-title elementor-size-default\">Rezerv\u00e1cia term\u00ednu:<\/h3>\t\t\t\t<\/div>\n\t\t\t\t<div class=\"elementor-element elementor-element-b49c58a elementor-widget elementor-widget-jet-form-builder-form\" data-id=\"b49c58a\" data-element_type=\"widget\" data-e-type=\"widget\" data-widget_type=\"jet-form-builder-form.default\">\n\t\t\t\t<div class=\"elementor-widget-container\">\n\t\t\t\t\t<link rel='stylesheet' id='wp-block-library-css' href='https:\/\/tandemskydive.sk\/wp-includes\/css\/dist\/block-library\/style.min.css?ver=6.7.1' media='all' \/>\n<style id=\"jet-form-builder-1956-inline-css\"><\/style><form  class=\"jet-form-builder layout-column submit-type-ajax\" action=\"https:\/\/tandemskydive.sk\/en\/wp-json\/wp\/v2\/pages\/1943\/?M1wK78=5L9MF68K71Pz&amp;method=reload\" method=\"POST\" data-form-id=\"1956\" data-layout=\"column\" enctype=\"multipart\/form-data\" novalidate=\"null\" ssr_validation_method=\"rest\">\r\n<input type=\"hidden\" name=\"_jfb_current_render_states[]\" value=\"DEFAULT.STATE\" data-jfb-sync \/><input type=\"hidden\" class=\"jet-form-builder__field hidden-field\" name=\"_jet_engine_booking_form_id\" data-field-name=\"_jet_engine_booking_form_id\" value=\"1956\">\n<input type=\"hidden\" class=\"jet-form-builder__field hidden-field\" name=\"_jet_engine_refer\" data-field-name=\"_jet_engine_refer\" value=\"https:\/\/tandemskydive.sk\/en\/wp-json\/wp\/v2\/pages\/1943\/\">\n<input type=\"hidden\" class=\"jet-form-builder__field hidden-field\" name=\"__queried_post_id\" data-field-name=\"__queried_post_id\" value=\"1943\">\n<input type=\"hidden\" class=\"jet-form-builder__field hidden-field\" name=\"page_id\" data-field-name=\"page_id\" data-jfb-sync=\"null\" value=\"1943\"><div  data-validation-type=\"inherit\" class=\"jet-form-builder-row field-type-select-field wp-block-jet-forms-select-field\">\n<div class=\"jet-form-builder__label\">\r\n<div class=\"jet-form-builder__label-text\">Select the airport for which you purchased the voucher<\/div><\/div><div class=\"jet-form-builder__field-wrap\">\n\t<select class=\"jet-form-builder__field select-field\" name=\"service_id\" data-field-name=\"service_id\" id=\"service_id\" data-jfb-sync=\"null\">\n\t\t<option value=\"2496\" >Nov\u00e9 Z\u00e1mky<\/option><option value=\"2495\" >Partiz\u00e1nske<\/option><option value=\"2171\" >\u0160urany<\/option><option value=\"2170\" >Boler\u00e1z<\/option><option value=\"1311\" >Hol\u00ed\u010d<\/option><option value=\"2120\" >Kunovice<\/option><option value=\"2119\" >Lu\u010denec<\/option><option value=\"2121\" >Zell am See<\/option>\t<\/select>\n<\/div>\n<\/div><div  data-validation-type=\"inherit\" class=\"jet-form-builder-row field-type-appointment-date\" >\n<div class=\"jet-apb-calendar-wrapper\">\n\t<div class=\"appointment-calendar jet-apb-calendar\" data-args=\"{&quot;booking_type&quot;:&quot;slot&quot;,&quot;excludedDates&quot;:[],&quot;datesMode&quot;:&quot;override_full&quot;,&quot;worksDates&quot;:[],&quot;datesRange&quot;:{&quot;start&quot;:1775779200,&quot;end&quot;:1807401600},&quot;availableWeekDays&quot;:[],&quot;service&quot;:{&quot;field&quot;:&quot;service_id&quot;},&quot;providerIsset&quot;:false,&quot;provider&quot;:false,&quot;inputName&quot;:&quot;appointment_date&quot;,&quot;isRequired&quot;:false,&quot;allowedServices&quot;:false,&quot;slotAutoCheck&quot;:false}\"><\/div>\n\n\t\t<div class=\"jet-apb-calendar-appointments-list-wrapper\" style=\"display: none\">\n\t\t<div class=\"jet-form-builder__heading\">\n\t\t\t<span class=\"jet-form-builder__label-text\">Appointment details:<\/span>\n\t\t<\/div>\n\t\t<div class=\"jet-apb-calendar-appointments-list\"><\/div>\n\t<\/div>\n\t<div class=\"jet-apb-calendar-notification\" style=\"display: none\">\n\t\t<div class=\"jet-apb-calendar-notification-service\">Please, select the service first.<\/div>\n\t\t<div class=\"jet-apb-calendar-notification-provider\">Please, select the provider first.<\/div>\n\t\t<div class=\"jet-apb-calendar-notification-service-field\">Please set service field for current calendar<\/div>\n\t\t<div class=\"jet-apb-calendar-notification-max-slots\">Sorry. You have the max number of appointments.<\/div>\n\t<\/div>\n<\/div>\n<\/div><div class=\"wp-block-group is-layout-grid wp-container-core-group-is-layout-1 wp-block-group-is-layout-grid\"><div  data-validation-type=\"inherit\" class=\"jet-form-builder-row field-type-text-field\" >\n<div class=\"jet-form-builder__label\">\r\n<div class=\"jet-form-builder__label-text\">Name and surname <span class=\"jet-form-builder__required\">*<\/span><\/div><\/div><div class=\"jet-form-builder__field-wrap\">\n\t\t\t\t<input required=\"required\" name=\"meno\" id=\"meno\" type=\"text\" data-field-name=\"meno\" class=\"jet-form-builder__field text-field\" data-jfb-sync=\"null\" autocomplete=\"off_CM0tbjPh\">\n\t\t\t\t\t<\/div>\n<\/div>\n\n<div  data-validation-type=\"inherit\" class=\"jet-form-builder-row field-type-text-field\" >\n<div class=\"jet-form-builder__label\">\r\n<div class=\"jet-form-builder__label-text\">Your email address <span class=\"jet-form-builder__required\">*<\/span><\/div><\/div><div class=\"jet-form-builder__field-wrap\">\n\t\t\t\t<input required=\"required\" name=\"user_email\" id=\"user_email\" type=\"email\" data-field-name=\"user_email\" class=\"jet-form-builder__field text-field\" data-jfb-sync=\"null\" autocomplete=\"off_ERN5nvtl\">\n\t\t\t\t\t<\/div>\n<\/div><\/div><div class=\"wp-block-group is-layout-grid wp-container-core-group-is-layout-2 wp-block-group-is-layout-grid\"><div  data-validation-type=\"inherit\" class=\"jet-form-builder-row field-type-text-field\" >\n<div class=\"jet-form-builder__label\">\r\n<div class=\"jet-form-builder__label-text\">Telephone number <span class=\"jet-form-builder__required\">*<\/span><\/div><\/div><div class=\"jet-form-builder__field-wrap\">\n\t\t\t\t<input required=\"required\" name=\"telefon\" id=\"telefon\" type=\"text\" data-field-name=\"telefon\" class=\"jet-form-builder__field text-field\" data-jfb-sync=\"null\" autocomplete=\"off_wfTQjL3O\">\n\t\t\t\t\t<\/div>\n<\/div>\n\n<div  data-validation-type=\"inherit\" class=\"jet-form-builder-row field-type-text-field\" >\n<div class=\"jet-form-builder__label\">\r\n<div class=\"jet-form-builder__label-text\">Voucher number <span class=\"jet-form-builder__required\">*<\/span><\/div><\/div><div class=\"jet-form-builder__field-wrap\">\n\t\t\t\t<input required=\"required\" name=\"poukaz\" id=\"poukaz\" type=\"text\" data-field-name=\"poukaz\" class=\"jet-form-builder__field text-field\" data-jfb-sync=\"null\" autocomplete=\"off_gZU4Prob\">\n\t\t\t\t\t<\/div>\n<\/div><\/div><div  data-validation-type=\"inherit\" class=\"jet-form-builder-row field-type-textarea-field\" >\n<div class=\"jet-form-builder__label\">\r\n<div class=\"jet-form-builder__label-text\">Message (note)<\/div><\/div><div class=\"jet-form-builder__field-wrap\">\n\t\t<textarea class=\"jet-form-builder__field textarea-field\" name=\"sprava\" data-field-name=\"sprava\" id=\"sprava\" data-jfb-sync=\"null\"><\/textarea>\n\t<\/div>\n<\/div><div class=\"wp-block-group is-layout-grid wp-container-core-group-is-layout-3 wp-block-group-is-layout-grid\"><div  data-validation-type=\"inherit\" class=\"jet-form-builder-row field-type-text-field\" >\n<div class=\"jet-form-builder__label\">\r\n<div class=\"jet-form-builder__label-text\">Passenger weight in kg <span class=\"jet-form-builder__required\">*<\/span><\/div><\/div><div class=\"jet-form-builder__field-wrap\">\n\t\t\t\t<input required=\"required\" name=\"vaha\" id=\"vaha\" type=\"text\" data-field-name=\"vaha\" class=\"jet-form-builder__field text-field\" data-jfb-sync=\"null\" autocomplete=\"off_b1USqC8e\">\n\t\t\t\t\t<\/div>\n<\/div>\n\n<div  data-validation-type=\"inherit\" class=\"jet-form-builder-row field-type-text-field\" >\n<div class=\"jet-form-builder__label\">\r\n<div class=\"jet-form-builder__label-text\">Passenger height in cm<\/div><\/div><div class=\"jet-form-builder__field-wrap\">\n\t\t\t\t<input name=\"vyska\" id=\"vyska\" type=\"text\" data-field-name=\"vyska\" class=\"jet-form-builder__field text-field\" data-jfb-sync=\"null\" autocomplete=\"off_iS9FRVbE\">\n\t\t\t\t\t<\/div>\n<\/div><\/div><p>The maximum weight of a passenger for a jump is 110 kg. An additional charge of 10 euros applies for passengers over 90 kg, and 25 euros for those over 100 kg.<\/p><input type=\"hidden\" class=\"captcha-token\" name=\"_captcha_token\" value=\"\"\/><div class=\"jfb-visually-hidden\" tabindex=\"-1\"><div class=\"jet-form-builder__field-wrap\">\n\t\t\t\t<input name=\"email\" id=\"email\" type=\"email\" data-field-name=\"email\" class=\"jet-form-builder__field text-field\" data-jfb-sync=\"null\" autocomplete=\"off_MOADehbw\">\n\t\t\t\t\t<\/div><\/div><div  data-validation-type=\"inherit\" class=\"jet-form-builder-row field-type-submit-field\" >\n\t<div data-type=\"submit\" class=\"jet-form-builder__action-button-wrapper jet-form-builder__submit-wrap\">\n\t<button class=\"jet-form-builder__action-button jet-form-builder__submit submit-type-ajax\" type=\"submit\">Submit a reservation<\/button>\n\t<\/div>\n\t\n<\/div>\t<div class=\"jet-form-builder-messages-wrap\" data-form-id=\"1956\"><\/div>\n<\/form>\n\t\t\t\t<\/div>\n\t\t\t\t<\/div>\n\t\t\t\t<\/div>\n\t\t\t\t\t<\/div>\n\t\t\t\t<\/div>\n\t\t\t\t<\/div>\n\t\t","protected":false},"excerpt":{"rendered":"<p>FallWell &#8211; tandem jump BOOKING THE DATE OF JUMP Domov \/ Rezerv\u00e1cia Rezerv\u00e1cia term\u00ednu Have you already bought a voucher and want to book the date of jump? When booking a jump to a location other than the one for which you have purchased a voucher, you must expect an additional payment. In the message [&hellip;]<\/p>\n","protected":false},"author":1,"featured_media":0,"parent":0,"menu_order":0,"comment_status":"closed","ping_status":"closed","template":"elementor_header_footer","meta":{"_acf_changed":false,"site-sidebar-layout":"no-sidebar","site-content-layout":"page-builder","ast-site-content-layout":"full-width-container","site-content-style":"default","site-sidebar-style":"default","ast-global-header-display":"","ast-banner-title-visibility":"","ast-main-header-display":"","ast-hfb-above-header-display":"","ast-hfb-below-header-display":"","ast-hfb-mobile-header-display":"","site-post-title":"disabled","ast-breadcrumbs-content":"","ast-featured-img":"disabled","footer-sml-layout":"","ast-disable-related-posts":"","theme-transparent-header-meta":"","adv-header-id-meta":"","stick-header-meta":"","header-above-stick-meta":"","header-main-stick-meta":"","header-below-stick-meta":"","astra-migrate-meta-layouts":"set","ast-page-background-enabled":"default","ast-page-background-meta":{"desktop":{"background-color":"var(--ast-global-color-4)","background-image":"","background-repeat":"repeat","background-position":"center center","background-size":"auto","background-attachment":"scroll","background-type":"","background-media":"","overlay-type":"","overlay-color":"","overlay-opacity":"","overlay-gradient":""},"tablet":{"background-color":"","background-image":"","background-repeat":"repeat","background-position":"center center","background-size":"auto","background-attachment":"scroll","background-type":"","background-media":"","overlay-type":"","overlay-color":"","overlay-opacity":"","overlay-gradient":""},"mobile":{"background-color":"","background-image":"","background-repeat":"repeat","background-position":"center center","background-size":"auto","background-attachment":"scroll","background-type":"","background-media":"","overlay-type":"","overlay-color":"","overlay-opacity":"","overlay-gradient":""}},"ast-content-background-meta":{"desktop":{"background-color":"var(--ast-global-color-5)","background-image":"","background-repeat":"repeat","background-position":"center center","background-size":"auto","background-attachment":"scroll","background-type":"","background-media":"","overlay-type":"","overlay-color":"","overlay-opacity":"","overlay-gradient":""},"tablet":{"background-color":"var(--ast-global-color-5)","background-image":"","background-repeat":"repeat","background-position":"center center","background-size":"auto","background-attachment":"scroll","background-type":"","background-media":"","overlay-type":"","overlay-color":"","overlay-opacity":"","overlay-gradient":""},"mobile":{"background-color":"var(--ast-global-color-5)","background-image":"","background-repeat":"repeat","background-position":"center center","background-size":"auto","background-attachment":"scroll","background-type":"","background-media":"","overlay-type":"","overlay-color":"","overlay-opacity":"","overlay-gradient":""}},"footnotes":""},"class_list":["post-1943","page","type-page","status-publish","hentry"],"acf":[],"_links":{"self":[{"href":"https:\/\/tandemskydive.sk\/en\/wp-json\/wp\/v2\/pages\/1943","targetHints":{"allow":["GET"]}}],"collection":[{"href":"https:\/\/tandemskydive.sk\/en\/wp-json\/wp\/v2\/pages"}],"about":[{"href":"https:\/\/tandemskydive.sk\/en\/wp-json\/wp\/v2\/types\/page"}],"author":[{"embeddable":true,"href":"https:\/\/tandemskydive.sk\/en\/wp-json\/wp\/v2\/users\/1"}],"replies":[{"embeddable":true,"href":"https:\/\/tandemskydive.sk\/en\/wp-json\/wp\/v2\/comments?post=1943"}],"version-history":[{"count":0,"href":"https:\/\/tandemskydive.sk\/en\/wp-json\/wp\/v2\/pages\/1943\/revisions"}],"wp:attachment":[{"href":"https:\/\/tandemskydive.sk\/en\/wp-json\/wp\/v2\/media?parent=1943"}],"curies":[{"name":"wp","href":"https:\/\/api.w.org\/{rel}","templated":true}]}}